{"id":325,"date":"2025-05-28T18:37:49","date_gmt":"2025-05-28T18:37:49","guid":{"rendered":"https:\/\/dostfood.com\/tr\/?page_id=325"},"modified":"2026-02-07T15:38:29","modified_gmt":"2026-02-07T15:38:29","slug":"uretim-asamalari","status":"publish","type":"page","link":"https:\/\/dostfood.com\/tr\/uretim-asamalari\/","title":{"rendered":"\u00dcretim A\u015famalar\u0131"},"content":{"rendered":"\t\t<div data-elementor-type=\"wp-page\" data-elementor-id=\"325\" class=\"elementor elementor-325\" data-elementor-post-type=\"page\">\n\t\t\t\t<div class=\"elementor-element elementor-element-297ef5d e-flex e-con-boxed e-con e-parent\" data-id=\"297ef5d\" data-element_type=\"container\" data-e-type=\"container\" data-settings=\"{&quot;background_background&quot;:&quot;classic&quot;}\">\n\t\t\t\t\t<div class=\"e-con-inner\">\n\t\t\t\t<div class=\"elementor-element elementor-element-2fa4d56 elementor-widget elementor-widget-heading\" data-id=\"2fa4d56\" data-element_type=\"widget\" data-e-type=\"widget\" data-widget_type=\"heading.default\">\n\t\t\t\t<div class=\"elementor-widget-container\">\n\t\t\t\t\t<h1 class=\"elementor-heading-title elementor-size-default\">\u00dcretim A\u015famalar\u0131<\/h1>\t\t\t\t<\/div>\n\t\t\t\t<\/div>\n\t\t\t\t<div class=\"elementor-element elementor-element-797a84f elementor-icon-list--layout-inline elementor-align-center elementor-list-item-link-full_width elementor-widget elementor-widget-icon-list\" data-id=\"797a84f\" data-element_type=\"widget\" data-e-type=\"widget\" data-widget_type=\"icon-list.default\">\n\t\t\t\t<div class=\"elementor-widget-container\">\n\t\t\t\t\t\t\t<ul class=\"elementor-icon-list-items elementor-inline-items\">\n\t\t\t\t\t\t\t<li class=\"elementor-icon-list-item elementor-inline-item\">\n\t\t\t\t\t\t\t\t\t\t\t<a href=\"\/\">\n\n\t\t\t\t\t\t\t\t\t\t\t<span class=\"elementor-icon-list-text\">ANASAYFA<\/span>\n\t\t\t\t\t\t\t\t\t\t\t<\/a>\n\t\t\t\t\t\t\t\t\t<\/li>\n\t\t\t\t\t\t\t\t<li class=\"elementor-icon-list-item elementor-inline-item\">\n\t\t\t\t\t\t\t\t\t\t<span class=\"elementor-icon-list-text\">\u00dcretim A\u015famalar\u0131<\/span>\n\t\t\t\t\t\t\t\t\t<\/li>\n\t\t\t\t\t\t<\/ul>\n\t\t\t\t\t\t<\/div>\n\t\t\t\t<\/div>\n\t\t\t\t\t<\/div>\n\t\t\t\t<\/div>\n\t\t<div class=\"elementor-element elementor-element-3f012be e-flex e-con-boxed e-con e-parent\" data-id=\"3f012be\" data-element_type=\"container\" data-e-type=\"container\">\n\t\t\t\t\t<div class=\"e-con-inner\">\n\t\t<div class=\"elementor-element elementor-element-5e9b71c e-con-full e-flex e-con e-child\" data-id=\"5e9b71c\" data-element_type=\"container\" data-e-type=\"container\">\n\t\t<div class=\"elementor-element elementor-element-fdbd693 e-con-full e-flex e-con e-child\" data-id=\"fdbd693\" data-element_type=\"container\" data-e-type=\"container\">\n\t\t\t\t<div class=\"elementor-element elementor-element-8b5e205 elementor-widget elementor-widget-image\" data-id=\"8b5e205\" data-element_type=\"widget\" data-e-type=\"widget\" data-widget_type=\"image.default\">\n\t\t\t\t<div class=\"elementor-widget-container\">\n\t\t\t\t\t\t\t\t\t\t\t\t\t\t\t<img fetchpriority=\"high\" decoding=\"async\" width=\"2500\" height=\"1689\" src=\"https:\/\/dostfood.com\/tr\/wp-content\/uploads\/2025\/06\/Pilav-ustu-Tavuk-Doner.jpg\" class=\"attachment-full size-full wp-image-588\" alt=\"\" srcset=\"https:\/\/dostfood.com\/tr\/wp-content\/uploads\/2025\/06\/Pilav-ustu-Tavuk-Doner.jpg 2500w, https:\/\/dostfood.com\/tr\/wp-content\/uploads\/2025\/06\/Pilav-ustu-Tavuk-Doner-600x405.jpg 600w, https:\/\/dostfood.com\/tr\/wp-content\/uploads\/2025\/06\/Pilav-ustu-Tavuk-Doner-300x203.jpg 300w, https:\/\/dostfood.com\/tr\/wp-content\/uploads\/2025\/06\/Pilav-ustu-Tavuk-Doner-1024x692.jpg 1024w, https:\/\/dostfood.com\/tr\/wp-content\/uploads\/2025\/06\/Pilav-ustu-Tavuk-Doner-768x519.jpg 768w, https:\/\/dostfood.com\/tr\/wp-content\/uploads\/2025\/06\/Pilav-ustu-Tavuk-Doner-1536x1038.jpg 1536w, https:\/\/dostfood.com\/tr\/wp-content\/uploads\/2025\/06\/Pilav-ustu-Tavuk-Doner-2048x1384.jpg 2048w\" sizes=\"(max-width: 2500px) 100vw, 2500px\" \/>\t\t\t\t\t\t\t\t\t\t\t\t\t\t\t<\/div>\n\t\t\t\t<\/div>\n\t\t\t\t<\/div>\n\t\t\t\t<\/div>\n\t\t<div class=\"elementor-element elementor-element-f164d2b e-con-full e-flex e-con e-child\" data-id=\"f164d2b\" data-element_type=\"container\" data-e-type=\"container\">\n\t\t<div class=\"elementor-element elementor-element-527500d e-con-full e-flex e-con e-child\" data-id=\"527500d\" data-element_type=\"container\" data-e-type=\"container\">\n\t\t\t\t<div class=\"elementor-element elementor-element-74a3d34 elementor-widget elementor-widget-heading\" data-id=\"74a3d34\" data-element_type=\"widget\" data-e-type=\"widget\" data-widget_type=\"heading.default\">\n\t\t\t\t<div class=\"elementor-widget-container\">\n\t\t\t\t\t<h3 class=\"elementor-heading-title elementor-size-default\">Her a\u015famada tam kontrol, \u015feffaf \u00fcr\u00fcn<\/h3>\t\t\t\t<\/div>\n\t\t\t\t<\/div>\n\t\t\t\t<\/div>\n\t\t\t\t<div class=\"elementor-element elementor-element-f96fb61 elementor-widget elementor-widget-text-editor\" data-id=\"f96fb61\" data-element_type=\"widget\" data-e-type=\"widget\" data-widget_type=\"text-editor.default\">\n\t\t\t\t<div class=\"elementor-widget-container\">\n\t\t\t\t\t\t\t\t\t<p>D\u00f6ner \u00fcretimimiz, uzman bir ekip ve son teknoloji ile en y\u00fcksek kalite standartlar\u0131na g\u00f6re ger\u00e7ekle\u015ftirilmektedir. Baton d\u00f6nerlerimizde oldu\u011fu gibi, pi\u015fmi\u015f ve dondurulmu\u015f haz\u0131r d\u00f6nerlerimiz i\u00e7in de birinci s\u0131n\u0131f et kullan\u0131yoruz. Bunu sa\u011flamak i\u00e7in AB sertifikal\u0131 et tedarik\u00e7ileriyle \u00e7al\u0131\u015f\u0131yoruz.<\/p><p>Kabul i\u015flemi s\u0131ras\u0131nda etin s\u0131cakl\u0131\u011f\u0131, kalitesi ve g\u00f6r\u00fcn\u00fcm\u00fc kontrol edilir. Bu kontrolden ge\u00e7en etler \u00fcretime al\u0131n\u0131r, +2\u00b0C&#8217;de i\u015flenir ve terbiye edildikten sonra \u015fi\u015flenerek baton d\u00f6ner haline getirilir.<\/p><p>Bu a\u015famadan sonra iki farkl\u0131 \u00fcretim a\u015famas\u0131na ge\u00e7ilir. D\u00f6nerlerin bir k\u0131sm\u0131 haz\u0131r d\u00f6ner b\u00f6l\u00fcm\u00fcne g\u00f6nderilir, pi\u015firilir, paketlenir ve s\u0131cakl\u0131\u011f\u0131 -40\u00b0C civar\u0131nda olan \u015fok odas\u0131na g\u00f6nderilir. Di\u011fer k\u0131sm\u0131 ise baton d\u00f6ner \u015feklinde stre\u00e7 filme sar\u0131larak \u015fok odas\u0131na al\u0131n\u0131r.<\/p>\t\t\t\t\t\t\t\t<\/div>\n\t\t\t\t<\/div>\n\t\t\t\t<\/div>\n\t\t\t\t\t<\/div>\n\t\t\t\t<\/div>\n\t\t<div class=\"elementor-element elementor-element-54993fa9 e-flex e-con-boxed e-con e-parent\" data-id=\"54993fa9\" data-element_type=\"container\" data-e-type=\"container\" data-settings=\"{&quot;background_background&quot;:&quot;classic&quot;}\">\n\t\t\t\t\t<div class=\"e-con-inner\">\n\t\t<div class=\"elementor-element elementor-element-36008465 e-con-full e-flex elementor-invisible e-con e-child\" data-id=\"36008465\" data-element_type=\"container\" data-e-type=\"container\" data-settings=\"{&quot;animation&quot;:&quot;fadeInLeft&quot;}\">\n\t\t<div class=\"elementor-element elementor-element-75df5f6c e-con-full e-flex e-con e-child\" data-id=\"75df5f6c\" data-element_type=\"container\" data-e-type=\"container\">\n\t\t\t\t<div class=\"elementor-element elementor-element-42c5dd49 elementor-widget elementor-widget-heading\" data-id=\"42c5dd49\" data-element_type=\"widget\" data-e-type=\"widget\" data-widget_type=\"heading.default\">\n\t\t\t\t<div class=\"elementor-widget-container\">\n\t\t\t\t\t<h3 class=\"elementor-heading-title elementor-size-default\">\u00dcRETiM A\u015eAMALARI\n<\/h3>\t\t\t\t<\/div>\n\t\t\t\t<\/div>\n\t\t\t\t<div class=\"elementor-element elementor-element-aff4f7f elementor-widget elementor-widget-text-editor\" data-id=\"aff4f7f\" data-element_type=\"widget\" data-e-type=\"widget\" data-widget_type=\"text-editor.default\">\n\t\t\t\t<div class=\"elementor-widget-container\">\n\t\t\t\t\t\t\t\t\t<div class=\"elementor-element elementor-element-75df5f6c e-con-full e-flex e-con e-child\" data-id=\"75df5f6c\" data-element_type=\"container\" data-e-type=\"container\"><div class=\"elementor-element elementor-element-aff4f7f elementor-widget elementor-widget-text-editor\" data-id=\"aff4f7f\" data-element_type=\"widget\" data-e-type=\"widget\" data-widget_type=\"text-editor.default\"><div class=\"elementor-widget-container\"><p>Her a\u015fama s\u0131k\u0131 bir denetim alt\u0131nda ger\u00e7ekle\u015fir ve sipari\u015f geldi\u011finde so\u011fuk zincir bozulmayacak \u015fekilde sevk edilir.<\/p><\/div><\/div><\/div>\t\t\t\t\t\t\t\t<\/div>\n\t\t\t\t<\/div>\n\t\t\t\t<\/div>\n\t\t\t\t<div class=\"elementor-element elementor-element-3317978d elementor-widget elementor-widget-tficonbox\" data-id=\"3317978d\" data-element_type=\"widget\" data-e-type=\"widget\" data-widget_type=\"tficonbox.default\">\n\t\t\t\t<div class=\"elementor-widget-container\">\n\t\t\t\t\t\t\t\t\t\t<div class=\"tficonbox left\">\r\n\t\t\t\t\t\r\n\t\t\t\t\t\t\t\t\t<div class=\"wrap-icon square\">\r\n\t\t\t\t\t\t<div class=\"wrap-icon-inner icon default\">\r\n\t\t\t\t\t\t\t<svg aria-hidden=\"true\" class=\"e-font-icon-svg e-fas-check\" viewBox=\"0 0 512 512\" xmlns=\"http:\/\/www.w3.org\/2000\/svg\"><path d=\"M173.898 439.404l-166.4-166.4c-9.997-9.997-9.997-26.206 0-36.204l36.203-36.204c9.997-9.998 26.207-9.998 36.204 0L192 312.69 432.095 72.596c9.997-9.997 26.207-9.997 36.204 0l36.203 36.204c9.997 9.997 9.997 26.206 0 36.204l-294.4 294.401c-9.998 9.997-26.207 9.997-36.204-.001z\"><\/path><\/svg>\t\t\t\t\t\t<\/div>\r\n\t\t\t\t\t<\/div>\r\n\t\t\t\t\t\r\n\r\n\t\t\t\t<div class=\"content\">\r\n\t\t\t\t\t<h3 class=\"title\">MAL KABUL\u00dc<\/h3>\r\n\t\t\t\t\t<div class=\"description\"><div class=\"elementor-element elementor-element-3317978d elementor-widget elementor-widget-tficonbox\" data-id=\"3317978d\" data-element_type=\"widget\" data-e-type=\"widget\" data-widget_type=\"tficonbox.default\"><div class=\"elementor-widget-container\"><div class=\"tficonbox left\"><div class=\"content\"><div class=\"description\">Fabrikam\u0131za sadece Polonya'daki sertifikal\u0131 \u00e7iftliklerden tedarik etti\u011fimiz taze, kaliteli ve helal et girer.<\/div><\/div><\/div><\/div><\/div><\/div>\t\t\t\t\t\r\n\t\t\t\t\t\r\n\t\t\t\t<\/div>\r\n\t\t\t<\/div>\r\n\t\t\t\t\t\t<\/div>\n\t\t\t\t<\/div>\n\t\t\t\t<div class=\"elementor-element elementor-element-2946d1c5 elementor-widget elementor-widget-tficonbox\" data-id=\"2946d1c5\" data-element_type=\"widget\" data-e-type=\"widget\" data-widget_type=\"tficonbox.default\">\n\t\t\t\t<div class=\"elementor-widget-container\">\n\t\t\t\t\t\t\t\t\t\t<div class=\"tficonbox left\">\r\n\t\t\t\t\t\r\n\t\t\t\t\t\t\t\t\t<div class=\"wrap-icon square\">\r\n\t\t\t\t\t\t<div class=\"wrap-icon-inner icon default\">\r\n\t\t\t\t\t\t\t<svg aria-hidden=\"true\" class=\"e-font-icon-svg e-fas-check\" viewBox=\"0 0 512 512\" xmlns=\"http:\/\/www.w3.org\/2000\/svg\"><path d=\"M173.898 439.404l-166.4-166.4c-9.997-9.997-9.997-26.206 0-36.204l36.203-36.204c9.997-9.998 26.207-9.998 36.204 0L192 312.69 432.095 72.596c9.997-9.997 26.207-9.997 36.204 0l36.203 36.204c9.997 9.997 9.997 26.206 0 36.204l-294.4 294.401c-9.998 9.997-26.207 9.997-36.204-.001z\"><\/path><\/svg>\t\t\t\t\t\t<\/div>\r\n\t\t\t\t\t<\/div>\r\n\t\t\t\t\t\r\n\r\n\t\t\t\t<div class=\"content\">\r\n\t\t\t\t\t<h3 class=\"title\">SICAKLIK KONTROL\u00dc<\/h3>\r\n\t\t\t\t\t<div class=\"description\"><p>Hammadde fiziksel ve termal denetime tabi tutulur. Kusursuz bulunan etler so\u011fuk zincire girer.<\/p><\/div>\t\t\t\t\t\r\n\t\t\t\t\t\r\n\t\t\t\t<\/div>\r\n\t\t\t<\/div>\r\n\t\t\t\t\t\t<\/div>\n\t\t\t\t<\/div>\n\t\t\t\t<\/div>\n\t\t<div class=\"elementor-element elementor-element-5da565bc e-con-full e-flex elementor-invisible e-con e-child\" data-id=\"5da565bc\" data-element_type=\"container\" data-e-type=\"container\" data-settings=\"{&quot;animation&quot;:&quot;fadeInRight&quot;}\">\n\t\t\t\t<div class=\"elementor-element elementor-element-94b1935 elementor-widget elementor-widget-jkit_accordion\" data-id=\"94b1935\" data-element_type=\"widget\" data-e-type=\"widget\" data-widget_type=\"jkit_accordion.default\">\n\t\t\t\t<div class=\"elementor-widget-container\">\n\t\t\t\t\t<div  class=\"jeg-elementor-kit jkit-accordion style-default jeg_module___6a007ba7d2639\" ><div class=\"card-wrapper expand\">\n                <div class=\"card-header\">\n                    <a href=\"#expand-5bf7bad\" class=\"card-header-button\" aria-expanded=\"false\" data-target=\"#expand-5bf7bad\" aria-controls=\"expand-5bf7bad\">\n                        <span class=\"title\">\u015ei\u015fe Takma<\/span><div class=\"right-icon-group\">\n                <div class=\"normal-icon\"><svg aria-hidden=\"true\" class=\"e-font-icon-svg e-fas-plus\" viewBox=\"0 0 448 512\" xmlns=\"http:\/\/www.w3.org\/2000\/svg\"><path d=\"M416 208H272V64c0-17.67-14.33-32-32-32h-32c-17.67 0-32 14.33-32 32v144H32c-17.67 0-32 14.33-32 32v32c0 17.67 14.33 32 32 32h144v144c0 17.67 14.33 32 32 32h32c17.67 0 32-14.33 32-32V304h144c17.67 0 32-14.33 32-32v-32c0-17.67-14.33-32-32-32z\"><\/path><\/svg><\/div>\n                <div class=\"active-icon\"><svg aria-hidden=\"true\" class=\"e-font-icon-svg e-fas-minus\" viewBox=\"0 0 448 512\" xmlns=\"http:\/\/www.w3.org\/2000\/svg\"><path d=\"M416 208H32c-17.67 0-32 14.33-32 32v32c0 17.67 14.33 32 32 32h384c17.67 0 32-14.33 32-32v-32c0-17.67-14.33-32-32-32z\"><\/path><\/svg><\/div>\n            <\/div>\n                    <\/a>\n                <\/div>\n                <div class=\"card-expand\" id=\"expand-5bf7bad\" style=\"display:block\"><div class=\"card-body\"><p>Kemi\u011finden ayr\u0131lan ve marine edilen et \u015fi\u015fe tak\u0131l\u0131r ve kenarlar\u0131ndan t\u0131ra\u015flanarak koni \u015fekline getirilir.<\/p><\/div><\/div>\n            <\/div><div class=\"card-wrapper \">\n                <div class=\"card-header\">\n                    <a href=\"#expand-44a7a3a\" class=\"card-header-button\" aria-expanded=\"false\" data-target=\"#expand-44a7a3a\" aria-controls=\"expand-44a7a3a\">\n                        <span class=\"title\">PAKETLEME VE ETiKETLEME<\/span><div class=\"right-icon-group\">\n                <div class=\"normal-icon\"><svg aria-hidden=\"true\" class=\"e-font-icon-svg e-fas-plus\" viewBox=\"0 0 448 512\" xmlns=\"http:\/\/www.w3.org\/2000\/svg\"><path d=\"M416 208H272V64c0-17.67-14.33-32-32-32h-32c-17.67 0-32 14.33-32 32v144H32c-17.67 0-32 14.33-32 32v32c0 17.67 14.33 32 32 32h144v144c0 17.67 14.33 32 32 32h32c17.67 0 32-14.33 32-32V304h144c17.67 0 32-14.33 32-32v-32c0-17.67-14.33-32-32-32z\"><\/path><\/svg><\/div>\n                <div class=\"active-icon\"><svg aria-hidden=\"true\" class=\"e-font-icon-svg e-fas-minus\" viewBox=\"0 0 448 512\" xmlns=\"http:\/\/www.w3.org\/2000\/svg\"><path d=\"M416 208H32c-17.67 0-32 14.33-32 32v32c0 17.67 14.33 32 32 32h384c17.67 0 32-14.33 32-32v-32c0-17.67-14.33-32-32-32z\"><\/path><\/svg><\/div>\n            <\/div>\n                    <\/a>\n                <\/div>\n                <div class=\"card-expand\" id=\"expand-44a7a3a\" style=\"display:none\"><div class=\"card-body\"><p>T\u0131ra\u015flama sayesinde do\u011fru gramaja eri\u015fen baton d\u00f6ner, stre\u00e7 filmle ambalajlan\u0131r ve etiketlenir.<\/p><\/div><\/div>\n            <\/div><div class=\"card-wrapper \">\n                <div class=\"card-header\">\n                    <a href=\"#expand-78e04fa\" class=\"card-header-button\" aria-expanded=\"false\" data-target=\"#expand-78e04fa\" aria-controls=\"expand-78e04fa\">\n                        <span class=\"title\">\u015eoklama odas\u0131<\/span><div class=\"right-icon-group\">\n                <div class=\"normal-icon\"><svg aria-hidden=\"true\" class=\"e-font-icon-svg e-fas-plus\" viewBox=\"0 0 448 512\" xmlns=\"http:\/\/www.w3.org\/2000\/svg\"><path d=\"M416 208H272V64c0-17.67-14.33-32-32-32h-32c-17.67 0-32 14.33-32 32v144H32c-17.67 0-32 14.33-32 32v32c0 17.67 14.33 32 32 32h144v144c0 17.67 14.33 32 32 32h32c17.67 0 32-14.33 32-32V304h144c17.67 0 32-14.33 32-32v-32c0-17.67-14.33-32-32-32z\"><\/path><\/svg><\/div>\n                <div class=\"active-icon\"><svg aria-hidden=\"true\" class=\"e-font-icon-svg e-fas-minus\" viewBox=\"0 0 448 512\" xmlns=\"http:\/\/www.w3.org\/2000\/svg\"><path d=\"M416 208H32c-17.67 0-32 14.33-32 32v32c0 17.67 14.33 32 32 32h384c17.67 0 32-14.33 32-32v-32c0-17.67-14.33-32-32-32z\"><\/path><\/svg><\/div>\n            <\/div>\n                    <\/a>\n                <\/div>\n                <div class=\"card-expand\" id=\"expand-78e04fa\" style=\"display:none\"><div class=\"card-body\"><p>D\u00f6ner \u015fi\u015fleri, kalitesinin korunmas\u0131 i\u00e7in -40 derecenin hakim oldu\u011fu \u015foklama odas\u0131na al\u0131n\u0131r.<\/p><\/div><\/div>\n            <\/div><div class=\"card-wrapper \">\n                <div class=\"card-header\">\n                    <a href=\"#expand-bec1770\" class=\"card-header-button\" aria-expanded=\"false\" data-target=\"#expand-bec1770\" aria-controls=\"expand-bec1770\">\n                        <span class=\"title\">SO\u011eUK ZiNCiRLE SEVKiYAT<\/span><div class=\"right-icon-group\">\n                <div class=\"normal-icon\"><svg aria-hidden=\"true\" class=\"e-font-icon-svg e-fas-plus\" viewBox=\"0 0 448 512\" xmlns=\"http:\/\/www.w3.org\/2000\/svg\"><path d=\"M416 208H272V64c0-17.67-14.33-32-32-32h-32c-17.67 0-32 14.33-32 32v144H32c-17.67 0-32 14.33-32 32v32c0 17.67 14.33 32 32 32h144v144c0 17.67 14.33 32 32 32h32c17.67 0 32-14.33 32-32V304h144c17.67 0 32-14.33 32-32v-32c0-17.67-14.33-32-32-32z\"><\/path><\/svg><\/div>\n                <div class=\"active-icon\"><svg aria-hidden=\"true\" class=\"e-font-icon-svg e-fas-minus\" viewBox=\"0 0 448 512\" xmlns=\"http:\/\/www.w3.org\/2000\/svg\"><path d=\"M416 208H32c-17.67 0-32 14.33-32 32v32c0 17.67 14.33 32 32 32h384c17.67 0 32-14.33 32-32v-32c0-17.67-14.33-32-32-32z\"><\/path><\/svg><\/div>\n            <\/div>\n                    <\/a>\n                <\/div>\n                <div class=\"card-expand\" id=\"expand-bec1770\" style=\"display:none\"><div class=\"card-body\"><p>\u00dcretimin her a\u015famas\u0131nda denetlenen baton d\u00f6nerler, sevkiyat esnas\u0131nda so\u011fuk zincirden kopmaz.<\/p><\/div><\/div>\n            <\/div><\/div>\t\t\t\t<\/div>\n\t\t\t\t<\/div>\n\t\t\t\t<\/div>\n\t\t\t\t\t<\/div>\n\t\t\t\t<\/div>\n\t\t\t\t<section class=\"elementor-section elementor-top-section elementor-element elementor-element-9d33fe5 elementor-section-boxed elementor-section-height-default elementor-section-height-default\" data-id=\"9d33fe5\" data-element_type=\"section\" data-e-type=\"section\" data-settings=\"{&quot;background_background&quot;:&quot;classic&quot;}\">\n\t\t\t\t\t\t<div class=\"elementor-container elementor-column-gap-no\">\n\t\t\t\t\t<div class=\"elementor-column elementor-col-25 elementor-top-column elementor-element elementor-element-3de8a1e\" data-id=\"3de8a1e\" data-element_type=\"column\" data-e-type=\"column\" data-settings=\"{&quot;background_background&quot;:&quot;classic&quot;}\">\n\t\t\t<div class=\"elementor-widget-wrap elementor-element-populated\">\n\t\t\t\t\t<div class=\"elementor-background-overlay\"><\/div>\n\t\t\t\t\t\t<div class=\"elementor-element elementor-element-51fc99c elementor-icon-list--layout-inline elementor-align-center elementor-list-item-link-full_width elementor-widget elementor-widget-icon-list\" data-id=\"51fc99c\" data-element_type=\"widget\" data-e-type=\"widget\" data-widget_type=\"icon-list.default\">\n\t\t\t\t<div class=\"elementor-widget-container\">\n\t\t\t\t\t\t\t<ul class=\"elementor-icon-list-items elementor-inline-items\">\n\t\t\t\t\t\t\t<li class=\"elementor-icon-list-item elementor-inline-item\">\n\t\t\t\t\t\t\t\t\t\t\t<a href=\"https:\/\/dostfood.com\/tr\/hakkimizda\/\">\n\n\t\t\t\t\t\t\t\t\t\t\t<span class=\"elementor-icon-list-text\">HAKKIMIZDA<\/span>\n\t\t\t\t\t\t\t\t\t\t\t<\/a>\n\t\t\t\t\t\t\t\t\t<\/li>\n\t\t\t\t\t\t<\/ul>\n\t\t\t\t\t\t<\/div>\n\t\t\t\t<\/div>\n\t\t\t\t\t<\/div>\n\t\t<\/div>\n\t\t\t\t<div class=\"elementor-column elementor-col-25 elementor-top-column elementor-element elementor-element-f1009b7\" data-id=\"f1009b7\" data-element_type=\"column\" data-e-type=\"column\" data-settings=\"{&quot;background_background&quot;:&quot;classic&quot;}\">\n\t\t\t<div class=\"elementor-widget-wrap elementor-element-populated\">\n\t\t\t\t\t<div class=\"elementor-background-overlay\"><\/div>\n\t\t\t\t\t\t<div class=\"elementor-element elementor-element-cb86885 elementor-icon-list--layout-inline elementor-align-center elementor-list-item-link-full_width elementor-widget elementor-widget-icon-list\" data-id=\"cb86885\" data-element_type=\"widget\" data-e-type=\"widget\" data-widget_type=\"icon-list.default\">\n\t\t\t\t<div class=\"elementor-widget-container\">\n\t\t\t\t\t\t\t<ul class=\"elementor-icon-list-items elementor-inline-items\">\n\t\t\t\t\t\t\t<li class=\"elementor-icon-list-item elementor-inline-item\">\n\t\t\t\t\t\t\t\t\t\t\t<a href=\"https:\/\/dostfood.com\/tr\/urunler\/\">\n\n\t\t\t\t\t\t\t\t\t\t\t<span class=\"elementor-icon-list-text\">\u00dcR\u00dcNLER<\/span>\n\t\t\t\t\t\t\t\t\t\t\t<\/a>\n\t\t\t\t\t\t\t\t\t<\/li>\n\t\t\t\t\t\t<\/ul>\n\t\t\t\t\t\t<\/div>\n\t\t\t\t<\/div>\n\t\t\t\t\t<\/div>\n\t\t<\/div>\n\t\t\t\t<div class=\"elementor-column elementor-col-25 elementor-top-column elementor-element elementor-element-7ce67eb\" data-id=\"7ce67eb\" data-element_type=\"column\" data-e-type=\"column\" data-settings=\"{&quot;background_background&quot;:&quot;classic&quot;}\">\n\t\t\t<div class=\"elementor-widget-wrap elementor-element-populated\">\n\t\t\t\t\t<div class=\"elementor-background-overlay\"><\/div>\n\t\t\t\t\t\t<div class=\"elementor-element elementor-element-8cfe599 elementor-icon-list--layout-inline elementor-align-center elementor-list-item-link-full_width elementor-widget elementor-widget-icon-list\" data-id=\"8cfe599\" data-element_type=\"widget\" data-e-type=\"widget\" data-widget_type=\"icon-list.default\">\n\t\t\t\t<div class=\"elementor-widget-container\">\n\t\t\t\t\t\t\t<ul class=\"elementor-icon-list-items elementor-inline-items\">\n\t\t\t\t\t\t\t<li class=\"elementor-icon-list-item elementor-inline-item\">\n\t\t\t\t\t\t\t\t\t\t\t<a href=\"https:\/\/dostfood.com\/tr\/sertifikalar\/\">\n\n\t\t\t\t\t\t\t\t\t\t\t<span class=\"elementor-icon-list-text\">SERTiFiKALAR<\/span>\n\t\t\t\t\t\t\t\t\t\t\t<\/a>\n\t\t\t\t\t\t\t\t\t<\/li>\n\t\t\t\t\t\t<\/ul>\n\t\t\t\t\t\t<\/div>\n\t\t\t\t<\/div>\n\t\t\t\t\t<\/div>\n\t\t<\/div>\n\t\t\t\t<div class=\"elementor-column elementor-col-25 elementor-top-column elementor-element elementor-element-9a0cc05\" data-id=\"9a0cc05\" data-element_type=\"column\" data-e-type=\"column\" data-settings=\"{&quot;background_background&quot;:&quot;classic&quot;}\">\n\t\t\t<div class=\"elementor-widget-wrap elementor-element-populated\">\n\t\t\t\t\t<div class=\"elementor-background-overlay\"><\/div>\n\t\t\t\t\t\t<div class=\"elementor-element elementor-element-a834468 elementor-icon-list--layout-inline elementor-align-center elementor-list-item-link-full_width elementor-widget elementor-widget-icon-list\" data-id=\"a834468\" data-element_type=\"widget\" data-e-type=\"widget\" data-widget_type=\"icon-list.default\">\n\t\t\t\t<div class=\"elementor-widget-container\">\n\t\t\t\t\t\t\t<ul class=\"elementor-icon-list-items elementor-inline-items\">\n\t\t\t\t\t\t\t<li class=\"elementor-icon-list-item elementor-inline-item\">\n\t\t\t\t\t\t\t\t\t\t\t<a href=\"https:\/\/dostfood.com\/tr\/iletisim\/\">\n\n\t\t\t\t\t\t\t\t\t\t\t<span class=\"elementor-icon-list-text\">BiZE DANI\u015eIN<\/span>\n\t\t\t\t\t\t\t\t\t\t\t<\/a>\n\t\t\t\t\t\t\t\t\t<\/li>\n\t\t\t\t\t\t<\/ul>\n\t\t\t\t\t\t<\/div>\n\t\t\t\t<\/div>\n\t\t\t\t\t<\/div>\n\t\t<\/div>\n\t\t\t\t\t<\/div>\n\t\t<\/section>\n\t\t\t\t<\/div>\n\t\t","protected":false},"excerpt":{"rendered":"<p>\u00dcretim A\u015famalar\u0131 ANASAYFA \u00dcretim A\u015famalar\u0131 Her a\u015famada tam kontrol, \u015feffaf \u00fcr\u00fcn D\u00f6ner \u00fcretimimiz, uzman bir ekip ve son teknoloji ile en y\u00fcksek kalite standartlar\u0131na g\u00f6re ger\u00e7ekle\u015ftirilmektedir. Baton d\u00f6nerlerimizde oldu\u011fu gibi, pi\u015fmi\u015f ve dondurulmu\u015f haz\u0131r d\u00f6nerlerimiz i\u00e7in de birinci s\u0131n\u0131f et kullan\u0131yoruz. Bunu sa\u011flamak i\u00e7in AB sertifikal\u0131 et tedarik\u00e7ileriyle \u00e7al\u0131\u015f\u0131yoruz. Kabul i\u015flemi s\u0131ras\u0131nda etin s\u0131cakl\u0131\u011f\u0131, kalitesi [&hellip;]<\/p>\n","protected":false},"author":1,"featured_media":0,"parent":0,"menu_order":0,"comment_status":"closed","ping_status":"closed","template":"elementor_header_footer","meta":{"_acf_changed":false,"footnotes":""},"class_list":["post-325","page","type-page","status-publish","hentry"],"acf":[],"_links":{"self":[{"href":"https:\/\/dostfood.com\/tr\/wp-json\/wp\/v2\/pages\/325","targetHints":{"allow":["GET"]}}],"collection":[{"href":"https:\/\/dostfood.com\/tr\/wp-json\/wp\/v2\/pages"}],"about":[{"href":"https:\/\/dostfood.com\/tr\/wp-json\/wp\/v2\/types\/page"}],"author":[{"embeddable":true,"href":"https:\/\/dostfood.com\/tr\/wp-json\/wp\/v2\/users\/1"}],"replies":[{"embeddable":true,"href":"https:\/\/dostfood.com\/tr\/wp-json\/wp\/v2\/comments?post=325"}],"version-history":[{"count":69,"href":"https:\/\/dostfood.com\/tr\/wp-json\/wp\/v2\/pages\/325\/revisions"}],"predecessor-version":[{"id":2295,"href":"https:\/\/dostfood.com\/tr\/wp-json\/wp\/v2\/pages\/325\/revisions\/2295"}],"wp:attachment":[{"href":"https:\/\/dostfood.com\/tr\/wp-json\/wp\/v2\/media?parent=325"}],"curies":[{"name":"wp","href":"https:\/\/api.w.org\/{rel}","templated":true}]}}