{"id":330,"date":"2025-05-28T18:38:03","date_gmt":"2025-05-28T18:38:03","guid":{"rendered":"https:\/\/dostfood.com\/tr\/?page_id=330"},"modified":"2026-04-02T13:04:15","modified_gmt":"2026-04-02T13:04:15","slug":"haberler","status":"publish","type":"page","link":"https:\/\/dostfood.com\/tr\/haberler\/","title":{"rendered":"Haberler"},"content":{"rendered":"\t\t<div data-elementor-type=\"wp-page\" data-elementor-id=\"330\" class=\"elementor elementor-330\" data-elementor-post-type=\"page\">\n\t\t\t\t<div class=\"elementor-element elementor-element-26ea4b1 e-flex e-con-boxed e-con e-parent\" data-id=\"26ea4b1\" data-element_type=\"container\" data-e-type=\"container\" data-settings=\"{&quot;background_background&quot;:&quot;classic&quot;}\">\n\t\t\t\t\t<div class=\"e-con-inner\">\n\t\t\t\t<div class=\"elementor-element elementor-element-22a77a3 elementor-widget elementor-widget-heading\" data-id=\"22a77a3\" data-element_type=\"widget\" data-e-type=\"widget\" data-widget_type=\"heading.default\">\n\t\t\t\t<div class=\"elementor-widget-container\">\n\t\t\t\t\t<h1 class=\"elementor-heading-title elementor-size-default\">Haberler<\/h1>\t\t\t\t<\/div>\n\t\t\t\t<\/div>\n\t\t\t\t<div class=\"elementor-element elementor-element-8707d50 elementor-icon-list--layout-inline elementor-align-center elementor-list-item-link-full_width elementor-widget elementor-widget-icon-list\" data-id=\"8707d50\" data-element_type=\"widget\" data-e-type=\"widget\" data-widget_type=\"icon-list.default\">\n\t\t\t\t<div class=\"elementor-widget-container\">\n\t\t\t\t\t\t\t<ul class=\"elementor-icon-list-items elementor-inline-items\">\n\t\t\t\t\t\t\t<li class=\"elementor-icon-list-item elementor-inline-item\">\n\t\t\t\t\t\t\t\t\t\t\t<a href=\"\/\">\n\n\t\t\t\t\t\t\t\t\t\t\t<span class=\"elementor-icon-list-text\">ANASAYFA<\/span>\n\t\t\t\t\t\t\t\t\t\t\t<\/a>\n\t\t\t\t\t\t\t\t\t<\/li>\n\t\t\t\t\t\t\t\t<li class=\"elementor-icon-list-item elementor-inline-item\">\n\t\t\t\t\t\t\t\t\t\t<span class=\"elementor-icon-list-text\">Haberler<\/span>\n\t\t\t\t\t\t\t\t\t<\/li>\n\t\t\t\t\t\t<\/ul>\n\t\t\t\t\t\t<\/div>\n\t\t\t\t<\/div>\n\t\t\t\t\t<\/div>\n\t\t\t\t<\/div>\n\t\t<div class=\"elementor-element elementor-element-73fea651 e-flex e-con-boxed e-con e-parent\" data-id=\"73fea651\" data-element_type=\"container\" data-e-type=\"container\">\n\t\t\t\t\t<div class=\"e-con-inner\">\n\t\t\t\t<div class=\"elementor-element elementor-element-4e8bd9ac elementor-grid-tablet-3 elementor-grid-3 elementor-grid-mobile-1 elementor-posts--thumbnail-top elementor-widget elementor-widget-posts\" data-id=\"4e8bd9ac\" data-element_type=\"widget\" data-e-type=\"widget\" data-settings=\"{&quot;classic_columns_tablet&quot;:&quot;3&quot;,&quot;pagination_type&quot;:&quot;numbers_and_prev_next&quot;,&quot;classic_columns&quot;:&quot;3&quot;,&quot;classic_columns_mobile&quot;:&quot;1&quot;,&quot;classic_row_gap&quot;:{&quot;unit&quot;:&quot;px&quot;,&quot;size&quot;:35,&quot;sizes&quot;:[]},&quot;classic_row_gap_laptop&quot;:{&quot;unit&quot;:&quot;px&quot;,&quot;size&quot;:&quot;&quot;,&quot;sizes&quot;:[]},&quot;classic_row_gap_tablet_extra&quot;:{&quot;unit&quot;:&quot;px&quot;,&quot;size&quot;:&quot;&quot;,&quot;sizes&quot;:[]},&quot;classic_row_gap_tablet&quot;:{&quot;unit&quot;:&quot;px&quot;,&quot;size&quot;:&quot;&quot;,&quot;sizes&quot;:[]},&quot;classic_row_gap_mobile_extra&quot;:{&quot;unit&quot;:&quot;px&quot;,&quot;size&quot;:&quot;&quot;,&quot;sizes&quot;:[]},&quot;classic_row_gap_mobile&quot;:{&quot;unit&quot;:&quot;px&quot;,&quot;size&quot;:&quot;&quot;,&quot;sizes&quot;:[]}}\" data-widget_type=\"posts.classic\">\n\t\t\t\t<div class=\"elementor-widget-container\">\n\t\t\t\t\t\t\t<div class=\"elementor-posts-container elementor-posts elementor-posts--skin-classic elementor-grid\" role=\"list\">\n\t\t\t\t<article class=\"elementor-post elementor-grid-item post-2481 post type-post status-publish format-standard has-post-thumbnail hentry category-haberler\" role=\"listitem\">\n\t\t\t\t<a class=\"elementor-post__thumbnail__link\" href=\"https:\/\/dostfood.com\/tr\/dost-food-alimentaria-2026da-kuresel-varligini-guclendirdi\/\" tabindex=\"-1\" >\n\t\t\t<div class=\"elementor-post__thumbnail\"><img fetchpriority=\"high\" decoding=\"async\" width=\"1500\" height=\"1000\" src=\"https:\/\/dostfood.com\/tr\/wp-content\/uploads\/2026\/04\/1.jpg\" class=\"attachment-full size-full wp-image-2489\" alt=\"alimentaria 2026\" srcset=\"https:\/\/dostfood.com\/tr\/wp-content\/uploads\/2026\/04\/1.jpg 1500w, https:\/\/dostfood.com\/tr\/wp-content\/uploads\/2026\/04\/1-300x200.jpg 300w, https:\/\/dostfood.com\/tr\/wp-content\/uploads\/2026\/04\/1-1024x683.jpg 1024w, https:\/\/dostfood.com\/tr\/wp-content\/uploads\/2026\/04\/1-768x512.jpg 768w, https:\/\/dostfood.com\/tr\/wp-content\/uploads\/2026\/04\/1-600x400.jpg 600w\" sizes=\"(max-width: 1500px) 100vw, 1500px\" \/><\/div>\n\t\t<\/a>\n\t\t\t\t<div class=\"elementor-post__text\">\n\t\t\t\t<h2 class=\"elementor-post__title\">\n\t\t\t<a href=\"https:\/\/dostfood.com\/tr\/dost-food-alimentaria-2026da-kuresel-varligini-guclendirdi\/\" >\n\t\t\t\tDost Food, Alimentaria 2026\u2019da K\u00fcresel Varl\u0131\u011f\u0131n\u0131 G\u00fc\u00e7lendirdi\t\t\t<\/a>\n\t\t<\/h2>\n\t\t\t\t<div class=\"elementor-post__excerpt\">\n\t\t\t<p>Dost Food olarak, Avrupa\u2019dan Orta Do\u011fu\u2019ya uzanan \u00fcretim ve tedarik g\u00fcc\u00fcm\u00fczle Alimentaria 2026\u2019da yer ald\u0131k ve son derece verimli ge\u00e7en d\u00f6rt g\u00fcn\u00fc geride b\u0131rakt\u0131k. Barcelona\u2019daki Gran Via fuar alan\u0131nda, Pavilion<\/p>\n\t\t<\/div>\n\t\t\t\t\t<div class=\"elementor-post__read-more-wrapper\">\n\t\t\n\t\t<a class=\"elementor-post__read-more\" href=\"https:\/\/dostfood.com\/tr\/dost-food-alimentaria-2026da-kuresel-varligini-guclendirdi\/\" aria-label=\"Read more about Dost Food, Alimentaria 2026\u2019da K\u00fcresel Varl\u0131\u011f\u0131n\u0131 G\u00fc\u00e7lendirdi\" tabindex=\"-1\" >\n\t\t\tDevam\u0131n\u0131 G\u00f6r \u00bb\t\t<\/a>\n\n\t\t\t\t\t<\/div>\n\t\t\t\t<\/div>\n\t\t\t\t<\/article>\n\t\t\t\t<article class=\"elementor-post elementor-grid-item post-1936 post type-post status-publish format-standard has-post-thumbnail hentry category-haberler\" role=\"listitem\">\n\t\t\t\t<a class=\"elementor-post__thumbnail__link\" href=\"https:\/\/dostfood.com\/tr\/hizli-servis-noktanizda-daha-fazla-satis-karli-doner-menu-fikirleri\/\" tabindex=\"-1\" >\n\t\t\t<div class=\"elementor-post__thumbnail\"><img decoding=\"async\" width=\"1500\" height=\"1000\" src=\"https:\/\/dostfood.com\/tr\/wp-content\/uploads\/2026\/01\/6.jpg\" class=\"attachment-full size-full wp-image-1938\" alt=\"d\u00f6ner men\u00fc ideas\" srcset=\"https:\/\/dostfood.com\/tr\/wp-content\/uploads\/2026\/01\/6.jpg 1500w, https:\/\/dostfood.com\/tr\/wp-content\/uploads\/2026\/01\/6-600x400.jpg 600w, https:\/\/dostfood.com\/tr\/wp-content\/uploads\/2026\/01\/6-300x200.jpg 300w, https:\/\/dostfood.com\/tr\/wp-content\/uploads\/2026\/01\/6-1024x683.jpg 1024w, https:\/\/dostfood.com\/tr\/wp-content\/uploads\/2026\/01\/6-768x512.jpg 768w, https:\/\/dostfood.com\/tr\/wp-content\/uploads\/2026\/01\/6-18x12.jpg 18w\" sizes=\"(max-width: 1500px) 100vw, 1500px\" \/><\/div>\n\t\t<\/a>\n\t\t\t\t<div class=\"elementor-post__text\">\n\t\t\t\t<h2 class=\"elementor-post__title\">\n\t\t\t<a href=\"https:\/\/dostfood.com\/tr\/hizli-servis-noktanizda-daha-fazla-satis-karli-doner-menu-fikirleri\/\" >\n\t\t\t\tH\u0131zl\u0131 Servis Noktan\u0131zda Daha Fazla Sat\u0131\u015f: K\u00e2rl\u0131 D\u00f6ner Men\u00fc Fikirleri\t\t\t<\/a>\n\t\t<\/h2>\n\t\t\t\t<div class=\"elementor-post__excerpt\">\n\t\t\t<p>D\u00f6ner B\u00fcfenizde Daha Fazla Sat\u0131\u015f: K\u00e2rl\u0131 D\u00f6ner Men\u00fc Fikirleri Bir d\u00f6ner b\u00fcfesini ger\u00e7ekten ba\u015far\u0131l\u0131 k\u0131lmak i\u00e7in sadece iyi bir \u00fcr\u00fcne sahip olmak yetmez; m\u00fc\u015fterinin h\u0131zl\u0131ca anlayabilece\u011fi ve g\u00f6n\u00fcl rahatl\u0131\u011f\u0131yla tercih<\/p>\n\t\t<\/div>\n\t\t\t\t\t<div class=\"elementor-post__read-more-wrapper\">\n\t\t\n\t\t<a class=\"elementor-post__read-more\" href=\"https:\/\/dostfood.com\/tr\/hizli-servis-noktanizda-daha-fazla-satis-karli-doner-menu-fikirleri\/\" aria-label=\"Read more about H\u0131zl\u0131 Servis Noktan\u0131zda Daha Fazla Sat\u0131\u015f: K\u00e2rl\u0131 D\u00f6ner Men\u00fc Fikirleri\" tabindex=\"-1\" >\n\t\t\tDevam\u0131n\u0131 G\u00f6r \u00bb\t\t<\/a>\n\n\t\t\t\t\t<\/div>\n\t\t\t\t<\/div>\n\t\t\t\t<\/article>\n\t\t\t\t<article class=\"elementor-post elementor-grid-item post-1922 post type-post status-publish format-standard has-post-thumbnail hentry category-haberler\" role=\"listitem\">\n\t\t\t\t<a class=\"elementor-post__thumbnail__link\" href=\"https:\/\/dostfood.com\/tr\/paket-servis-doner-mumkun-olan-en-taze-haliyle\/\" tabindex=\"-1\" >\n\t\t\t<div class=\"elementor-post__thumbnail\"><img decoding=\"async\" width=\"1500\" height=\"1000\" src=\"https:\/\/dostfood.com\/tr\/wp-content\/uploads\/2025\/12\/doner-delivery.jpg\" class=\"attachment-full size-full wp-image-1932\" alt=\"d\u00f6ner delivery\" srcset=\"https:\/\/dostfood.com\/tr\/wp-content\/uploads\/2025\/12\/doner-delivery.jpg 1500w, https:\/\/dostfood.com\/tr\/wp-content\/uploads\/2025\/12\/doner-delivery-600x400.jpg 600w, https:\/\/dostfood.com\/tr\/wp-content\/uploads\/2025\/12\/doner-delivery-300x200.jpg 300w, https:\/\/dostfood.com\/tr\/wp-content\/uploads\/2025\/12\/doner-delivery-1024x683.jpg 1024w, https:\/\/dostfood.com\/tr\/wp-content\/uploads\/2025\/12\/doner-delivery-768x512.jpg 768w, https:\/\/dostfood.com\/tr\/wp-content\/uploads\/2025\/12\/doner-delivery-18x12.jpg 18w\" sizes=\"(max-width: 1500px) 100vw, 1500px\" \/><\/div>\n\t\t<\/a>\n\t\t\t\t<div class=\"elementor-post__text\">\n\t\t\t\t<h2 class=\"elementor-post__title\">\n\t\t\t<a href=\"https:\/\/dostfood.com\/tr\/paket-servis-doner-mumkun-olan-en-taze-haliyle\/\" >\n\t\t\t\tPaket Servis D\u00f6ner: M\u00fcmk\u00fcn Olan En Taze H\u00e2liyle\t\t\t<\/a>\n\t\t<\/h2>\n\t\t\t\t<div class=\"elementor-post__excerpt\">\n\t\t\t<p>Paket servis, \u201cher zamanki gel-al\u201d\u0131n ayn\u0131s\u0131 de\u011fildir. Kendi ba\u015f\u0131na bir \u00fcr\u00fcn vaadidir. M\u00fc\u015fteriler d\u00f6neri evlerinde de sulu, s\u0131cak ve diri bekler. Ayn\u0131 zamanda d\u00f6nerin doyuruculu\u011funun da eksiksiz kalmas\u0131n\u0131 isterler; hi\u00e7bir<\/p>\n\t\t<\/div>\n\t\t\t\t\t<div class=\"elementor-post__read-more-wrapper\">\n\t\t\n\t\t<a class=\"elementor-post__read-more\" href=\"https:\/\/dostfood.com\/tr\/paket-servis-doner-mumkun-olan-en-taze-haliyle\/\" aria-label=\"Read more about Paket Servis D\u00f6ner: M\u00fcmk\u00fcn Olan En Taze H\u00e2liyle\" tabindex=\"-1\" >\n\t\t\tDevam\u0131n\u0131 G\u00f6r \u00bb\t\t<\/a>\n\n\t\t\t\t\t<\/div>\n\t\t\t\t<\/div>\n\t\t\t\t<\/article>\n\t\t\t\t<article class=\"elementor-post elementor-grid-item post-1900 post type-post status-publish format-standard has-post-thumbnail hentry category-haberler\" role=\"listitem\">\n\t\t\t\t<a class=\"elementor-post__thumbnail__link\" href=\"https:\/\/dostfood.com\/tr\/doner-cesitlerine-genel-bakis-sandvic-donerden-pizza-donere-tum-formatlar-aciklandi\/\" tabindex=\"-1\" >\n\t\t\t<div class=\"elementor-post__thumbnail\"><img loading=\"lazy\" decoding=\"async\" width=\"1500\" height=\"1000\" src=\"https:\/\/dostfood.com\/tr\/wp-content\/uploads\/2025\/12\/doner-sorten-2.jpg\" class=\"attachment-full size-full wp-image-1909\" alt=\"d\u00f6ner-sorten\" srcset=\"https:\/\/dostfood.com\/tr\/wp-content\/uploads\/2025\/12\/doner-sorten-2.jpg 1500w, https:\/\/dostfood.com\/tr\/wp-content\/uploads\/2025\/12\/doner-sorten-2-600x400.jpg 600w, https:\/\/dostfood.com\/tr\/wp-content\/uploads\/2025\/12\/doner-sorten-2-300x200.jpg 300w, https:\/\/dostfood.com\/tr\/wp-content\/uploads\/2025\/12\/doner-sorten-2-1024x683.jpg 1024w, https:\/\/dostfood.com\/tr\/wp-content\/uploads\/2025\/12\/doner-sorten-2-768x512.jpg 768w, https:\/\/dostfood.com\/tr\/wp-content\/uploads\/2025\/12\/doner-sorten-2-18x12.jpg 18w\" sizes=\"(max-width: 1500px) 100vw, 1500px\" \/><\/div>\n\t\t<\/a>\n\t\t\t\t<div class=\"elementor-post__text\">\n\t\t\t\t<h2 class=\"elementor-post__title\">\n\t\t\t<a href=\"https:\/\/dostfood.com\/tr\/doner-cesitlerine-genel-bakis-sandvic-donerden-pizza-donere-tum-formatlar-aciklandi\/\" >\n\t\t\t\tD\u00f6ner \u00c7e\u015fitlerine Genel Bak\u0131\u015f: Sandvi\u00e7 D\u00f6nerden Pizza D\u00f6ner\u2019e T\u00fcm Formatlar A\u00e7\u0131kland\u0131\t\t\t<\/a>\n\t\t<\/h2>\n\t\t\t\t<div class=\"elementor-post__excerpt\">\n\t\t\t<p>D\u00f6ner, art\u0131k ger\u00e7ek anlamda \u00e7ok y\u00f6nl\u00fc bir yemektir. Kimi zaman \u00e7\u0131t\u0131r ekmek i\u00e7inde, kimi zaman garnit\u00fcrlerle sunulan b\u00fcy\u00fck bir tabakta, kimi zaman da pratik bir d\u00fcr\u00fcm h\u00e2linde kar\u015f\u0131m\u0131za \u00e7\u0131kar. Hatta<\/p>\n\t\t<\/div>\n\t\t\t\t\t<div class=\"elementor-post__read-more-wrapper\">\n\t\t\n\t\t<a class=\"elementor-post__read-more\" href=\"https:\/\/dostfood.com\/tr\/doner-cesitlerine-genel-bakis-sandvic-donerden-pizza-donere-tum-formatlar-aciklandi\/\" aria-label=\"Read more about D\u00f6ner \u00c7e\u015fitlerine Genel Bak\u0131\u015f: Sandvi\u00e7 D\u00f6nerden Pizza D\u00f6ner\u2019e T\u00fcm Formatlar A\u00e7\u0131kland\u0131\" tabindex=\"-1\" >\n\t\t\tDevam\u0131n\u0131 G\u00f6r \u00bb\t\t<\/a>\n\n\t\t\t\t\t<\/div>\n\t\t\t\t<\/div>\n\t\t\t\t<\/article>\n\t\t\t\t<article class=\"elementor-post elementor-grid-item post-1895 post type-post status-publish format-standard has-post-thumbnail hentry category-haberler\" role=\"listitem\">\n\t\t\t\t<a class=\"elementor-post__thumbnail__link\" href=\"https:\/\/dostfood.com\/tr\/tavuk-dana-ve-sigir-eti-doner-etleri-arasindaki-farklara-genel-bakis\/\" tabindex=\"-1\" >\n\t\t\t<div class=\"elementor-post__thumbnail\"><img loading=\"lazy\" decoding=\"async\" width=\"1500\" height=\"1000\" src=\"https:\/\/dostfood.com\/tr\/wp-content\/uploads\/2025\/12\/doner.jpg\" class=\"attachment-full size-full wp-image-1896\" alt=\"d\u00f6nerfleisch\" srcset=\"https:\/\/dostfood.com\/tr\/wp-content\/uploads\/2025\/12\/doner.jpg 1500w, https:\/\/dostfood.com\/tr\/wp-content\/uploads\/2025\/12\/doner-600x400.jpg 600w, https:\/\/dostfood.com\/tr\/wp-content\/uploads\/2025\/12\/doner-300x200.jpg 300w, https:\/\/dostfood.com\/tr\/wp-content\/uploads\/2025\/12\/doner-1024x683.jpg 1024w, https:\/\/dostfood.com\/tr\/wp-content\/uploads\/2025\/12\/doner-768x512.jpg 768w, https:\/\/dostfood.com\/tr\/wp-content\/uploads\/2025\/12\/doner-18x12.jpg 18w\" sizes=\"(max-width: 1500px) 100vw, 1500px\" \/><\/div>\n\t\t<\/a>\n\t\t\t\t<div class=\"elementor-post__text\">\n\t\t\t\t<h2 class=\"elementor-post__title\">\n\t\t\t<a href=\"https:\/\/dostfood.com\/tr\/tavuk-dana-ve-sigir-eti-doner-etleri-arasindaki-farklara-genel-bakis\/\" >\n\t\t\t\tTavuk, Dana ve S\u0131\u011f\u0131r Eti: D\u00f6ner Etleri Aras\u0131ndaki Farklara Genel Bak\u0131\u015f\t\t\t<\/a>\n\t\t<\/h2>\n\t\t\t\t<div class=\"elementor-post__excerpt\">\n\t\t\t<p>D\u00f6ner eti \u00fcretiminde et t\u00fcr\u00fcn\u00fcn se\u00e7imi, en temel ve en belirleyici unsurlardan biridir. Bu karar; aromay\u0131, dokuyu, k\u0131zarma davran\u0131\u015f\u0131n\u0131, besin de\u011ferlerini ve hatta \u00fcr\u00fcn\u00fcn pazardaki konumland\u0131rmas\u0131n\u0131 do\u011frudan etkiler. Tavuk, dana<\/p>\n\t\t<\/div>\n\t\t\t\t\t<div class=\"elementor-post__read-more-wrapper\">\n\t\t\n\t\t<a class=\"elementor-post__read-more\" href=\"https:\/\/dostfood.com\/tr\/tavuk-dana-ve-sigir-eti-doner-etleri-arasindaki-farklara-genel-bakis\/\" aria-label=\"Read more about Tavuk, Dana ve S\u0131\u011f\u0131r Eti: D\u00f6ner Etleri Aras\u0131ndaki Farklara Genel Bak\u0131\u015f\" tabindex=\"-1\" >\n\t\t\tDevam\u0131n\u0131 G\u00f6r \u00bb\t\t<\/a>\n\n\t\t\t\t\t<\/div>\n\t\t\t\t<\/div>\n\t\t\t\t<\/article>\n\t\t\t\t<article class=\"elementor-post elementor-grid-item post-1878 post type-post status-publish format-standard has-post-thumbnail hentry category-haberler\" role=\"listitem\">\n\t\t\t\t<a class=\"elementor-post__thumbnail__link\" href=\"https:\/\/dostfood.com\/tr\/doner-etini-dogru-sekilde-saklama-kesme-ve-servis-etme\/\" tabindex=\"-1\" >\n\t\t\t<div class=\"elementor-post__thumbnail\"><img loading=\"lazy\" decoding=\"async\" width=\"1500\" height=\"1000\" src=\"https:\/\/dostfood.com\/tr\/wp-content\/uploads\/2025\/11\/doner-1.jpg\" class=\"attachment-full size-full wp-image-1881\" alt=\"d\u00f6nerfleisch\" srcset=\"https:\/\/dostfood.com\/tr\/wp-content\/uploads\/2025\/11\/doner-1.jpg 1500w, https:\/\/dostfood.com\/tr\/wp-content\/uploads\/2025\/11\/doner-1-600x400.jpg 600w, https:\/\/dostfood.com\/tr\/wp-content\/uploads\/2025\/11\/doner-1-300x200.jpg 300w, https:\/\/dostfood.com\/tr\/wp-content\/uploads\/2025\/11\/doner-1-1024x683.jpg 1024w, https:\/\/dostfood.com\/tr\/wp-content\/uploads\/2025\/11\/doner-1-768x512.jpg 768w, https:\/\/dostfood.com\/tr\/wp-content\/uploads\/2025\/11\/doner-1-18x12.jpg 18w\" sizes=\"(max-width: 1500px) 100vw, 1500px\" \/><\/div>\n\t\t<\/a>\n\t\t\t\t<div class=\"elementor-post__text\">\n\t\t\t\t<h2 class=\"elementor-post__title\">\n\t\t\t<a href=\"https:\/\/dostfood.com\/tr\/doner-etini-dogru-sekilde-saklama-kesme-ve-servis-etme\/\" >\n\t\t\t\tD\u00f6ner Etini Do\u011fru \u015eekilde Saklama, Kesme ve Servis Etme\t\t\t<\/a>\n\t\t<\/h2>\n\t\t\t\t<div class=\"elementor-post__excerpt\">\n\t\t\t<p>D\u00f6ner etinin sulu ve lezzetli kalmas\u0131 i\u00e7in do\u011fru saklama, do\u011fru kesim ve do\u011fru servis hayati \u00f6neme sahiptir. D\u00f6ner i\u015fletmeleri, d\u00f6ner etinin teslimattan so\u011fuk muhafazaya, \u00e7\u00f6zd\u00fcrmeden \u015fi\u015fe takmaya ve en sonunda<\/p>\n\t\t<\/div>\n\t\t\t\t\t<div class=\"elementor-post__read-more-wrapper\">\n\t\t\n\t\t<a class=\"elementor-post__read-more\" href=\"https:\/\/dostfood.com\/tr\/doner-etini-dogru-sekilde-saklama-kesme-ve-servis-etme\/\" aria-label=\"Read more about D\u00f6ner Etini Do\u011fru \u015eekilde Saklama, Kesme ve Servis Etme\" tabindex=\"-1\" >\n\t\t\tDevam\u0131n\u0131 G\u00f6r \u00bb\t\t<\/a>\n\n\t\t\t\t\t<\/div>\n\t\t\t\t<\/div>\n\t\t\t\t<\/article>\n\t\t\t\t<\/div>\n\t\t\n\t\t\t\t<div class=\"e-load-more-anchor\" data-page=\"1\" data-max-page=\"2\" data-next-page=\"https:\/\/dostfood.com\/tr\/wp-json\/wp\/v2\/pages\/330\/page\/2\/\"><\/div>\n\t\t\t\t<nav class=\"elementor-pagination\" aria-label=\"Pagination\">\n\t\t\t<span class=\"page-numbers prev\">&laquo; \u00d6nceki<\/span>\n<span aria-current=\"page\" class=\"page-numbers current\"><span class=\"elementor-screen-only\">Sayfa<\/span>1<\/span>\n<a class=\"page-numbers\" href=\"https:\/\/dostfood.com\/tr\/wp-json\/wp\/v2\/pages\/330\/page\/2\/\"><span class=\"elementor-screen-only\">Sayfa<\/span>2<\/a>\n<a class=\"page-numbers next\" href=\"https:\/\/dostfood.com\/tr\/wp-json\/wp\/v2\/pages\/330\/page\/2\/\">Sonraki &raquo;<\/a>\t\t<\/nav>\n\t\t\t\t\t\t<\/div>\n\t\t\t\t<\/div>\n\t\t\t\t\t<\/div>\n\t\t\t\t<\/div>\n\t\t\t\t<\/div>\n\t\t","protected":false},"excerpt":{"rendered":"<p>ANASAYFA<\/p>\n","protected":false},"author":1,"featured_media":0,"parent":0,"menu_order":0,"comment_status":"closed","ping_status":"closed","template":"elementor_header_footer","meta":{"_acf_changed":false,"footnotes":""},"class_list":["post-330","page","type-page","status-publish","hentry"],"acf":[],"_links":{"self":[{"href":"https:\/\/dostfood.com\/tr\/wp-json\/wp\/v2\/pages\/330","targetHints":{"allow":["GET"]}}],"collection":[{"href":"https:\/\/dostfood.com\/tr\/wp-json\/wp\/v2\/pages"}],"about":[{"href":"https:\/\/dostfood.com\/tr\/wp-json\/wp\/v2\/types\/page"}],"author":[{"embeddable":true,"href":"https:\/\/dostfood.com\/tr\/wp-json\/wp\/v2\/users\/1"}],"replies":[{"embeddable":true,"href":"https:\/\/dostfood.com\/tr\/wp-json\/wp\/v2\/comments?post=330"}],"version-history":[{"count":60,"href":"https:\/\/dostfood.com\/tr\/wp-json\/wp\/v2\/pages\/330\/revisions"}],"predecessor-version":[{"id":2492,"href":"https:\/\/dostfood.com\/tr\/wp-json\/wp\/v2\/pages\/330\/revisions\/2492"}],"wp:attachment":[{"href":"https:\/\/dostfood.com\/tr\/wp-json\/wp\/v2\/media?parent=330"}],"curies":[{"name":"wp","href":"https:\/\/api.w.org\/{rel}","templated":true}]}}