{"id":1555,"date":"2025-09-27T20:44:48","date_gmt":"2025-09-27T20:44:48","guid":{"rendered":"https:\/\/dostfood.com\/tr\/?post_type=product&#038;p=1555"},"modified":"2026-02-06T14:44:50","modified_gmt":"2026-02-06T14:44:50","slug":"tavuk-yaprak-doner-gogus-eti","status":"publish","type":"product","link":"https:\/\/dostfood.com\/tr\/\u00fcr\u00fcnler\/tavuk-yaprak-doner-gogus-eti\/","title":{"rendered":"Tavuk Yaprak D\u00f6ner (G\u00f6\u011f\u00fcs Eti)"},"content":{"rendered":"","protected":false},"excerpt":{"rendered":"","protected":false},"featured_media":1556,"comment_status":"open","ping_status":"closed","template":"","meta":{"_acf_changed":false},"product_brand":[],"product_cat":[34],"product_tag":[],"class_list":{"0":"post-1555","1":"product","2":"type-product","3":"status-publish","4":"has-post-thumbnail","6":"product_cat-baton-donerler","8":"first","9":"instock","10":"shipping-taxable","11":"product-type-simple"},"acf":[],"_links":{"self":[{"href":"https:\/\/dostfood.com\/tr\/wp-json\/wp\/v2\/product\/1555","targetHints":{"allow":["GET"]}}],"collection":[{"href":"https:\/\/dostfood.com\/tr\/wp-json\/wp\/v2\/product"}],"about":[{"href":"https:\/\/dostfood.com\/tr\/wp-json\/wp\/v2\/types\/product"}],"replies":[{"embeddable":true,"href":"https:\/\/dostfood.com\/tr\/wp-json\/wp\/v2\/comments?post=1555"}],"wp:featuredmedia":[{"embeddable":true,"href":"https:\/\/dostfood.com\/tr\/wp-json\/wp\/v2\/media\/1556"}],"wp:attachment":[{"href":"https:\/\/dostfood.com\/tr\/wp-json\/wp\/v2\/media?parent=1555"}],"wp:term":[{"taxonomy":"product_brand","embeddable":true,"href":"https:\/\/dostfood.com\/tr\/wp-json\/wp\/v2\/product_brand?post=1555"},{"taxonomy":"product_cat","embeddable":true,"href":"https:\/\/dostfood.com\/tr\/wp-json\/wp\/v2\/product_cat?post=1555"},{"taxonomy":"product_tag","embeddable":true,"href":"https:\/\/dostfood.com\/tr\/wp-json\/wp\/v2\/product_tag?post=1555"}],"curies":[{"name":"wp","href":"https:\/\/api.w.org\/{rel}","templated":true}]}}