{"id":1803,"date":"2025-10-27T08:04:06","date_gmt":"2025-10-27T08:04:06","guid":{"rendered":"https:\/\/dostfood.com\/tr\/?post_type=product&#038;p=1803"},"modified":"2026-02-06T21:12:59","modified_gmt":"2026-02-06T21:12:59","slug":"pisirilmis-tavuk-doner","status":"publish","type":"product","link":"https:\/\/dostfood.com\/tr\/\u00fcr\u00fcnler\/pisirilmis-tavuk-doner\/","title":{"rendered":"Pi\u015firilmi\u015f Tavuk D\u00f6ner"},"content":{"rendered":"","protected":false},"excerpt":{"rendered":"<p>Tavuk kebap, baharatl\u0131, k\u0131zart\u0131lm\u0131\u015f, derin dondurulmu\u015f \u00fcr\u00fcn.<br data-start=\"60\" data-end=\"63\" \/><strong data-start=\"63\" data-end=\"84\">\u00dcr\u00fcn bile\u015fenleri:<\/strong> Tavuk eti %90, su, baharatlar, tuz, kekik, m\u0131s\u0131r unu, aroma vericiler, stabilizat\u00f6rler E450, E451.<br data-start=\"183\" data-end=\"186\" \/><strong data-start=\"186\" data-end=\"201\">Alerjenler:<\/strong> Gluten, kereviz, hardal, susam, laktoz.<br data-start=\"241\" data-end=\"244\" \/><strong data-start=\"244\" data-end=\"258\">Haz\u0131rlama:<\/strong> Is\u0131l i\u015flemden sonra t\u00fcketiniz.<br data-start=\"289\" data-end=\"292\" \/><strong data-start=\"292\" data-end=\"314\">Saklama ko\u015fullar\u0131:<\/strong> -18\u00b0C\u2019yi a\u015fmayan s\u0131cakl\u0131kta saklay\u0131n\u0131z (dondurulmu\u015f \u00fcr\u00fcn). \u00c7\u00f6zd\u00fcr\u00fcld\u00fckten sonra tekrar dondurmay\u0131n\u0131z.<br data-start=\"416\" data-end=\"419\" \/><strong data-start=\"419\" data-end=\"432\">Ek bilgi:<\/strong> 100 g \u00fcr\u00fcn, 125 g \u00e7i\u011f tavuk etinden \u00fcretilmi\u015ftir.<br data-start=\"482\" data-end=\"485\" \/><strong data-start=\"485\" data-end=\"501\">Men\u015fei \u00fclke:<\/strong> Polonya.<\/p>\n","protected":false},"featured_media":2062,"comment_status":"open","ping_status":"closed","template":"","meta":{"_acf_changed":false},"product_brand":[],"product_cat":[27],"product_tag":[],"class_list":{"0":"post-1803","1":"product","2":"type-product","3":"status-publish","4":"has-post-thumbnail","6":"product_cat-pisirilmis-kesilmis-hazir-donerler","8":"first","9":"instock","10":"shipping-taxable","11":"product-type-simple"},"acf":[],"_links":{"self":[{"href":"https:\/\/dostfood.com\/tr\/wp-json\/wp\/v2\/product\/1803","targetHints":{"allow":["GET"]}}],"collection":[{"href":"https:\/\/dostfood.com\/tr\/wp-json\/wp\/v2\/product"}],"about":[{"href":"https:\/\/dostfood.com\/tr\/wp-json\/wp\/v2\/types\/product"}],"replies":[{"embeddable":true,"href":"https:\/\/dostfood.com\/tr\/wp-json\/wp\/v2\/comments?post=1803"}],"wp:featuredmedia":[{"embeddable":true,"href":"https:\/\/dostfood.com\/tr\/wp-json\/wp\/v2\/media\/2062"}],"wp:attachment":[{"href":"https:\/\/dostfood.com\/tr\/wp-json\/wp\/v2\/media?parent=1803"}],"wp:term":[{"taxonomy":"product_brand","embeddable":true,"href":"https:\/\/dostfood.com\/tr\/wp-json\/wp\/v2\/product_brand?post=1803"},{"taxonomy":"product_cat","embeddable":true,"href":"https:\/\/dostfood.com\/tr\/wp-json\/wp\/v2\/product_cat?post=1803"},{"taxonomy":"product_tag","embeddable":true,"href":"https:\/\/dostfood.com\/tr\/wp-json\/wp\/v2\/product_tag?post=1803"}],"curies":[{"name":"wp","href":"https:\/\/api.w.org\/{rel}","templated":true}]}}